{"id":97,"date":"2020-05-21T13:41:00","date_gmt":"2020-05-21T11:41:00","guid":{"rendered":"http:\/\/arrascompostelle.fr\/?page_id=97"},"modified":"2026-02-19T22:05:31","modified_gmt":"2026-02-19T21:05:31","slug":"via-francigena","status":"publish","type":"page","link":"https:\/\/arrascompostelle.fr\/?page_id=97","title":{"rendered":"Via Francigena"},"content":{"rendered":"\n<p class=\"has-medium-font-size\"><strong>D\u00e9clar\u00e9e itin\u00e9raire culturel du Conseil de l&rsquo;Europe en 1994<\/strong><\/p>\n\n\n\n<figure class=\"wp-block-image size-large\"><img loading=\"lazy\" decoding=\"async\" width=\"1024\" height=\"683\" src=\"https:\/\/arrascompostelle.fr\/wp-content\/uploads\/2020\/05\/photography-of-lighted-bridge-753639-1024x683.jpg\" alt=\"Ville de Rome\" class=\"wp-image-237\" srcset=\"https:\/\/arrascompostelle.fr\/wp-content\/uploads\/2020\/05\/photography-of-lighted-bridge-753639-1024x683.jpg 1024w, https:\/\/arrascompostelle.fr\/wp-content\/uploads\/2020\/05\/photography-of-lighted-bridge-753639-300x200.jpg 300w, https:\/\/arrascompostelle.fr\/wp-content\/uploads\/2020\/05\/photography-of-lighted-bridge-753639-768x512.jpg 768w, https:\/\/arrascompostelle.fr\/wp-content\/uploads\/2020\/05\/photography-of-lighted-bridge-753639-1536x1024.jpg 1536w, https:\/\/arrascompostelle.fr\/wp-content\/uploads\/2020\/05\/photography-of-lighted-bridge-753639-2048x1366.jpg 2048w, https:\/\/arrascompostelle.fr\/wp-content\/uploads\/2020\/05\/photography-of-lighted-bridge-753639-360x240.jpg 360w\" sizes=\"(max-width: 1024px) 100vw, 1024px\" \/><figcaption class=\"wp-element-caption\">Ville de Rome<\/figcaption><\/figure>\n\n\n\n<p class=\"has-medium-font-size\"><strong>HISTOIRE<\/strong><br>En 990 apr\u00e8s J\u00e9sus-Christ, Sig\u00e9ric, archev\u00eaque de Canterbury, se d\u00e9pla\u00e7ait \u00e0 Rome pour rencontrer le pape Jean XV et recevoir l\u2019investiture du pallium. Au cours de son voyage, il a consign\u00e9 les 79 \u00e9tapes de son p\u00e9riple dans son journal. Gr\u00e2ce \u00e0 ce document, on a pu reconstituer le chemin qui \u00e9tait alors le plus court entre Canterbury et Rome, et que tous les voyageurs peuvent d\u00e9sormais emprunter.<\/p>\n\n\n\n<p class=\"has-medium-font-size\">Les voyageurs peuvent red\u00e9couvrir ce parcours de 1 800 kilom\u00e8tres \u00e0 travers l&rsquo;Angleterre, la France, la Suisse et l&rsquo;Italie sur les pas des p\u00e8lerins en route pour Rome et poursuivant leur chemin vers J\u00e9rusalem ou Saint Jacques de Compostelle. Cet itin\u00e9raire est une mani\u00e8re de red\u00e9couvrir le territoire et l\u2019histoire et d\u2019aller \u00e0 la rencontre des gens en prenant son temps et en s\u2019abandonnant \u00e0 la contemplation de ceux qui voyagent \u00e0 pied. Un rythme qui permet au p\u00e8lerin moderne de mieux comprendre le paysage, l\u2019histoire et les nations du pass\u00e9 et du pr\u00e9sent.<\/p>\n\n\n\n<p class=\"has-medium-font-size\"><strong><a href=\"https:\/\/ffvf.fr\/\" target=\"_blank\" rel=\"noreferrer noopener\">Site de la F\u00e9d\u00e9ration Fran\u00e7aise de la Via Francigena (FFVF)<\/a><\/strong><\/p>\n\n\n\n<p class=\"has-medium-font-size\"><a href=\"https:\/\/www.viefrancigene.org\/fr\/home\" target=\"_blank\" rel=\"noreferrer noopener\"><strong>Retrouvez toutes les informations pratiques sur le site de l&rsquo;AEVF (Association Europ\u00e9enne de la Via Francigena)<\/strong><\/a><\/p>\n","protected":false},"excerpt":{"rendered":"<p>D\u00e9clar\u00e9e itin\u00e9raire culturel du Conseil de l&rsquo;Europe en 1994 HISTOIREEn 990 apr\u00e8s J\u00e9sus-Christ, Sig\u00e9ric, archev\u00eaque de Canterbury, se d\u00e9pla\u00e7ait \u00e0 Rome pour rencontrer le pape Jean XV et recevoir l\u2019investiture du pallium. Au cours de son voyage, il a consign\u00e9 les 79 \u00e9tapes de son p\u00e9riple dans son journal. Gr\u00e2ce \u00e0 ce document, on a [&hellip;]<\/p>\n","protected":false},"author":2,"featured_media":0,"parent":0,"menu_order":0,"comment_status":"closed","ping_status":"closed","template":"","meta":{"_uag_custom_page_level_css":"","advgb_blocks_editor_width":"","advgb_blocks_columns_visual_guide":"","site-sidebar-layout":"default","site-content-layout":"","ast-site-content-layout":"","site-content-style":"default","site-sidebar-style":"default","ast-global-header-display":"","ast-banner-title-visibility":"","ast-main-header-display":"","ast-hfb-above-header-display":"","ast-hfb-below-header-display":"","ast-hfb-mobile-header-display":"","site-post-title":"","ast-breadcrumbs-content":"","ast-featured-img":"","footer-sml-layout":"","theme-transparent-header-meta":"","adv-header-id-meta":"","stick-header-meta":"","header-above-stick-meta":"","header-main-stick-meta":"","header-below-stick-meta":"","astra-migrate-meta-layouts":"default","ast-page-background-enabled":"default","ast-page-background-meta":{"desktop":{"background-color":"var(--ast-global-color-4)","background-image":"","background-repeat":"repeat","background-position":"center center","background-size":"auto","background-attachment":"scroll","background-type":"","background-media":"","overlay-type":"","overlay-color":"","overlay-opacity":"","overlay-gradient":""},"tablet":{"background-color":"","background-image":"","background-repeat":"repeat","background-position":"center center","background-size":"auto","background-attachment":"scroll","background-type":"","background-media":"","overlay-type":"","overlay-color":"","overlay-opacity":"","overlay-gradient":""},"mobile":{"background-color":"","background-image":"","background-repeat":"repeat","background-position":"center center","background-size":"auto","background-attachment":"scroll","background-type":"","background-media":"","overlay-type":"","overlay-color":"","overlay-opacity":"","overlay-gradient":""}},"ast-content-background-meta":{"desktop":{"background-color":"var(--ast-global-color-5)","background-image":"","background-repeat":"repeat","background-position":"center center","background-size":"auto","background-attachment":"scroll","background-type":"","background-media":"","overlay-type":"","overlay-color":"","overlay-opacity":"","overlay-gradient":""},"tablet":{"background-color":"var(--ast-global-color-5)","background-image":"","background-repeat":"repeat","background-position":"center center","background-size":"auto","background-attachment":"scroll","background-type":"","background-media":"","overlay-type":"","overlay-color":"","overlay-opacity":"","overlay-gradient":""},"mobile":{"background-color":"var(--ast-global-color-5)","background-image":"","background-repeat":"repeat","background-position":"center center","background-size":"auto","background-attachment":"scroll","background-type":"","background-media":"","overlay-type":"","overlay-color":"","overlay-opacity":"","overlay-gradient":""}},"footnotes":""},"jetpack_sharing_enabled":true,"uagb_featured_image_src":{"full":false,"thumbnail":false,"medium":false,"medium_large":false,"large":false,"1536x1536":false,"2048x2048":false},"uagb_author_info":{"display_name":"Laurent Sivr\u00e9","author_link":"https:\/\/arrascompostelle.fr\/?author=2"},"uagb_comment_info":0,"uagb_excerpt":"D\u00e9clar\u00e9e itin\u00e9raire culturel du Conseil de l&rsquo;Europe en 1994 HISTOIREEn 990 apr\u00e8s J\u00e9sus-Christ, Sig\u00e9ric, archev\u00eaque de Canterbury, se d\u00e9pla\u00e7ait \u00e0 Rome pour rencontrer le pape Jean XV et recevoir l\u2019investiture du pallium. Au cours de son voyage, il a consign\u00e9 les 79 \u00e9tapes de son p\u00e9riple dans son journal. Gr\u00e2ce \u00e0 ce document, on a\u2026","coauthors":[],"author_meta":{"author_link":"https:\/\/arrascompostelle.fr\/?author=2","display_name":"Laurent Sivr\u00e9"},"relative_dates":{"created":"Publi\u00e9 6 ans il y a","modified":"Mis \u00e0 jour 2 mois il y a"},"absolute_dates":{"created":"Publi\u00e9 le 21 mai 2020","modified":"Mise \u00e0 jour le 19 f\u00e9vrier 2026"},"absolute_dates_time":{"created":"Publi\u00e9 le 21 mai 2020 13h41","modified":"Mise \u00e0 jour le 19 f\u00e9vrier 2026 22h05"},"featured_img_caption":"","featured_img":false,"series_order":"","_links":{"self":[{"href":"https:\/\/arrascompostelle.fr\/index.php?rest_route=\/wp\/v2\/pages\/97"}],"collection":[{"href":"https:\/\/arrascompostelle.fr\/index.php?rest_route=\/wp\/v2\/pages"}],"about":[{"href":"https:\/\/arrascompostelle.fr\/index.php?rest_route=\/wp\/v2\/types\/page"}],"author":[{"embeddable":true,"href":"https:\/\/arrascompostelle.fr\/index.php?rest_route=\/wp\/v2\/users\/2"}],"replies":[{"embeddable":true,"href":"https:\/\/arrascompostelle.fr\/index.php?rest_route=%2Fwp%2Fv2%2Fcomments&post=97"}],"version-history":[{"count":13,"href":"https:\/\/arrascompostelle.fr\/index.php?rest_route=\/wp\/v2\/pages\/97\/revisions"}],"predecessor-version":[{"id":1263,"href":"https:\/\/arrascompostelle.fr\/index.php?rest_route=\/wp\/v2\/pages\/97\/revisions\/1263"}],"wp:attachment":[{"href":"https:\/\/arrascompostelle.fr\/index.php?rest_route=%2Fwp%2Fv2%2Fmedia&parent=97"}],"curies":[{"name":"wp","href":"https:\/\/api.w.org\/{rel}","templated":true}]}}