{"id":549,"date":"2023-02-01T22:10:34","date_gmt":"2023-02-01T21:10:34","guid":{"rendered":"https:\/\/arrascompostelle.fr\/?page_id=549"},"modified":"2026-02-19T22:16:27","modified_gmt":"2026-02-19T21:16:27","slug":"vie-de-lassociation","status":"publish","type":"page","link":"https:\/\/arrascompostelle.fr\/?page_id=549","title":{"rendered":"Via Sancti Martini"},"content":{"rendered":"\n<h2 class=\"wp-block-heading\">Chemins de Saint Martin<\/h2>\n\n\n\n<p class=\"has-medium-font-size\"><strong>Saint Martin<\/strong><\/p>\n\n\n\n<p class=\"has-medium-font-size\">Saint Martin est n\u00e9 en 316 \u00e0 Szombathely en Pannonie (Hongrie actuelle) aux fronti\u00e8res de l\u2019Empire romain, o\u00f9 son p\u00e8re, officier sup\u00e9rieur, \u00e9tait en garnison. Il souhaite devenir chr\u00e9tien mais \u00e0 15 ans, il devient soldat, la loi romaine contraignant les fils de militaire \u00e0 s\u2019enr\u00f4ler dans l\u2019arm\u00e9e. Il est mut\u00e9 en Gaule et c\u2019est \u00e0 Amiens dans l\u2019hiver 338 qu\u2019il rencontre ce pauvre \u00e0 qui il donne une partie de son manteau. Certains disent la doublure de son habit. La nuit suivante, il a une vision du Christ portant le manteau avec cette r\u00e9v\u00e9lation&nbsp;: \u00ab&nbsp;Ce que tu fais au plus petit d\u2019entre les miens, c\u2019est \u00e0 moi que tu le fais.&nbsp;\u00bb<\/p>\n\n\n\n<p class=\"has-medium-font-size\">\u00c0 22 ans, il est baptis\u00e9 dans la nuit de P\u00e2ques. Puis il quitte l\u2019arm\u00e9e et rejoint saint Hilaire \u00e0 Poitiers.<br>C\u2019est avec ce dernier qu\u2019il fonde en 361 le premier monast\u00e8re des Gaules \u00e0 Ligug\u00e9 en Poitou. Pri\u00e8re, silence, solitude et mortification, tel est le programme d\u2019une vie quasi \u00e9r\u00e9mitique.<\/p>\n\n\n\n<p class=\"has-medium-font-size\">Cependant, il continue d\u2019\u00e9vang\u00e9liser les campagnes environnantes, tout en accomplissant un certain nombre de miracles. En 371, \u00e0 la mort de l\u2019\u00e9v\u00eaque Lidoire, les habitants de Tours l\u2019enl\u00e8vent pour en faire leur \u00e9v\u00eaque le 4 juillet sans son consentement. Mais tout en devenant pasteur, administrateur, pr\u00e9dicateur, il poursuit son \u00e9vang\u00e9lisation en sillonnant l\u2019Europe&nbsp;: voyages \u00e0 Milan, Pavie, dans les Alpes, en Illyrie, cr\u00e9ation de monast\u00e8res, comme celui de Marmoutier en 372 en amont de Tours.<\/p>\n\n\n\n<p class=\"has-medium-font-size\">\u00c2g\u00e9 de 80 ans, \u00e9puis\u00e9 par ses t\u00e2ches, saint Martin d\u00e9c\u00e8de dans sa paroisse \u00e0 Candes sur les bords de Loire, qui deviendra rapidement un lieu de p\u00e8lerinage. Son corps est transport\u00e9 \u00e0 Tours o\u00f9 il est inhum\u00e9 trois jours plus tard, le 11 novembre 397, dans un cimeti\u00e8re chr\u00e9tien \u00e0 l\u2019ext\u00e9rieur de la ville.<\/p>\n\n\n\n<p class=\"has-medium-font-size\"><strong>Les chemins de Saint Martin<\/strong><\/p>\n\n\n\n<p class=\"has-medium-font-size\">Quatre chemins de Saint-Martin ont \u00e9t\u00e9 labellis\u00e9s Itin\u00e9raires culturels du Conseil de l&rsquo;Europe, avec l&rsquo;objectif annonc\u00e9 de lier les europ\u00e9ens autour d&rsquo;un patrimoine mat\u00e9riel et immat\u00e9riel commun.<\/p>\n\n\n\n<p class=\"has-medium-font-size\">Le premier chemin relie le lieu de naissance de Martin, Szombathely, en Hongrie, \u00e0 Tours, la ville de son tombeau. Le deuxi\u00e8me part de Saragosse, en Espagne, o\u00f9 saint Martin serait all\u00e9 pour le Concile en 380. Le troisi\u00e8me chemin d\u00e9marre \u00e0 Tr\u00e8ves, en Allemagne, o\u00f9 Martin s&rsquo;est rendu pour rencontrer l&#8217;empereur. Le quatri\u00e8me chemin part de Tours, passe par Amiens (o\u00f9 a eu lieu l&rsquo;\u00e9pisode du manteau) puis Arras avant de rejoindre Utrecht en passant par la Belgique. Le lien ci-dessous d\u00e9taille ce dernier itin\u00e9raire entre la fronti\u00e8re belge et Paris. <\/p>\n\n\n\n<p class=\"has-medium-font-size\"><strong><a href=\"https:\/\/arrascompostelle.fr\/wp-content\/uploads\/2026\/02\/via-sancti-martini-de-halluin-a-paris.gpx\" target=\"_blank\" rel=\"noreferrer noopener\">Trace GPX du chemin de Saint Martin entre Halluin et Paris (porte Saint Martin)<\/a><\/strong><\/p>\n\n\n\n<p class=\"has-medium-font-size\"><strong><a href=\"https:\/\/viasanctimartini.fr\" target=\"_blank\" rel=\"noreferrer noopener\">Site internet de Via Sancti Martini France<\/a><\/strong><\/p>\n","protected":false},"excerpt":{"rendered":"<p>Chemins de Saint Martin Saint Martin Saint Martin est n\u00e9 en 316 \u00e0 Szombathely en Pannonie (Hongrie actuelle) aux fronti\u00e8res de l\u2019Empire romain, o\u00f9 son p\u00e8re, officier sup\u00e9rieur, \u00e9tait en garnison. Il souhaite devenir chr\u00e9tien mais \u00e0 15 ans, il devient soldat, la loi romaine contraignant les fils de militaire \u00e0 s\u2019enr\u00f4ler dans l\u2019arm\u00e9e. Il [&hellip;]<\/p>\n","protected":false},"author":3,"featured_media":0,"parent":0,"menu_order":0,"comment_status":"closed","ping_status":"closed","template":"","meta":{"_uag_custom_page_level_css":"","advgb_blocks_editor_width":"","advgb_blocks_columns_visual_guide":"","site-sidebar-layout":"default","site-content-layout":"","ast-site-content-layout":"","site-content-style":"default","site-sidebar-style":"default","ast-global-header-display":"","ast-banner-title-visibility":"","ast-main-header-display":"","ast-hfb-above-header-display":"","ast-hfb-below-header-display":"","ast-hfb-mobile-header-display":"","site-post-title":"","ast-breadcrumbs-content":"","ast-featured-img":"","footer-sml-layout":"","theme-transparent-header-meta":"","adv-header-id-meta":"","stick-header-meta":"","header-above-stick-meta":"","header-main-stick-meta":"","header-below-stick-meta":"","astra-migrate-meta-layouts":"default","ast-page-background-enabled":"default","ast-page-background-meta":{"desktop":{"background-color":"var(--ast-global-color-4)","background-image":"","background-repeat":"repeat","background-position":"center center","background-size":"auto","background-attachment":"scroll","background-type":"","background-media":"","overlay-type":"","overlay-color":"","overlay-opacity":"","overlay-gradient":""},"tablet":{"background-color":"","background-image":"","background-repeat":"repeat","background-position":"center center","background-size":"auto","background-attachment":"scroll","background-type":"","background-media":"","overlay-type":"","overlay-color":"","overlay-opacity":"","overlay-gradient":""},"mobile":{"background-color":"","background-image":"","background-repeat":"repeat","background-position":"center center","background-size":"auto","background-attachment":"scroll","background-type":"","background-media":"","overlay-type":"","overlay-color":"","overlay-opacity":"","overlay-gradient":""}},"ast-content-background-meta":{"desktop":{"background-color":"var(--ast-global-color-5)","background-image":"","background-repeat":"repeat","background-position":"center center","background-size":"auto","background-attachment":"scroll","background-type":"","background-media":"","overlay-type":"","overlay-color":"","overlay-opacity":"","overlay-gradient":""},"tablet":{"background-color":"var(--ast-global-color-5)","background-image":"","background-repeat":"repeat","background-position":"center center","background-size":"auto","background-attachment":"scroll","background-type":"","background-media":"","overlay-type":"","overlay-color":"","overlay-opacity":"","overlay-gradient":""},"mobile":{"background-color":"var(--ast-global-color-5)","background-image":"","background-repeat":"repeat","background-position":"center center","background-size":"auto","background-attachment":"scroll","background-type":"","background-media":"","overlay-type":"","overlay-color":"","overlay-opacity":"","overlay-gradient":""}},"footnotes":""},"jetpack_sharing_enabled":true,"uagb_featured_image_src":{"full":false,"thumbnail":false,"medium":false,"medium_large":false,"large":false,"1536x1536":false,"2048x2048":false},"uagb_author_info":{"display_name":"Fran\u00e7ois SCHERPEREEL","author_link":"https:\/\/arrascompostelle.fr\/?author=3"},"uagb_comment_info":0,"uagb_excerpt":"Chemins de Saint Martin Saint Martin Saint Martin est n\u00e9 en 316 \u00e0 Szombathely en Pannonie (Hongrie actuelle) aux fronti\u00e8res de l\u2019Empire romain, o\u00f9 son p\u00e8re, officier sup\u00e9rieur, \u00e9tait en garnison. Il souhaite devenir chr\u00e9tien mais \u00e0 15 ans, il devient soldat, la loi romaine contraignant les fils de militaire \u00e0 s\u2019enr\u00f4ler dans l\u2019arm\u00e9e. Il\u2026","coauthors":[],"author_meta":{"author_link":"https:\/\/arrascompostelle.fr\/?author=3","display_name":"Fran\u00e7ois SCHERPEREEL"},"relative_dates":{"created":"Publi\u00e9 3 ans il y a","modified":"Mis \u00e0 jour 2 mois il y a"},"absolute_dates":{"created":"Publi\u00e9 le 1 f\u00e9vrier 2023","modified":"Mise \u00e0 jour le 19 f\u00e9vrier 2026"},"absolute_dates_time":{"created":"Publi\u00e9 le 1 f\u00e9vrier 2023 22h10","modified":"Mise \u00e0 jour le 19 f\u00e9vrier 2026 22h16"},"featured_img_caption":"","featured_img":false,"series_order":"","_links":{"self":[{"href":"https:\/\/arrascompostelle.fr\/index.php?rest_route=\/wp\/v2\/pages\/549"}],"collection":[{"href":"https:\/\/arrascompostelle.fr\/index.php?rest_route=\/wp\/v2\/pages"}],"about":[{"href":"https:\/\/arrascompostelle.fr\/index.php?rest_route=\/wp\/v2\/types\/page"}],"author":[{"embeddable":true,"href":"https:\/\/arrascompostelle.fr\/index.php?rest_route=\/wp\/v2\/users\/3"}],"replies":[{"embeddable":true,"href":"https:\/\/arrascompostelle.fr\/index.php?rest_route=%2Fwp%2Fv2%2Fcomments&post=549"}],"version-history":[{"count":17,"href":"https:\/\/arrascompostelle.fr\/index.php?rest_route=\/wp\/v2\/pages\/549\/revisions"}],"predecessor-version":[{"id":1266,"href":"https:\/\/arrascompostelle.fr\/index.php?rest_route=\/wp\/v2\/pages\/549\/revisions\/1266"}],"wp:attachment":[{"href":"https:\/\/arrascompostelle.fr\/index.php?rest_route=%2Fwp%2Fv2%2Fmedia&parent=549"}],"curies":[{"name":"wp","href":"https:\/\/api.w.org\/{rel}","templated":true}]}}