{"id":508,"date":"2022-12-04T19:04:02","date_gmt":"2022-12-04T18:04:02","guid":{"rendered":"https:\/\/arrascompostelle.fr\/?page_id=508"},"modified":"2026-02-13T22:25:52","modified_gmt":"2026-02-13T21:25:52","slug":"vu-a-la-tele","status":"publish","type":"page","link":"https:\/\/arrascompostelle.fr\/?page_id=508","title":{"rendered":"P\u00e9r\u00e9grinations en images"},"content":{"rendered":"\n<h2 class=\"wp-block-heading\">A l&rsquo;\u00e9t\u00e9 2022, une \u00e9quipe de FR3 a suivi un groupe de p\u00e8lerins sur la Via Francigena durant 5 jours entre Calais et Amettes dans le Pas de Calais.<\/h2>\n\n\n\n<div class=\"wp-block-buttons is-layout-flex wp-block-buttons-is-layout-flex\">\n<div class=\"wp-block-button\"><a class=\"wp-block-button__link wp-element-button\" href=\"  https:\/\/arrascompostelle.fr\/wp-content\/uploads\/2022\/12\/Jour-1.mp4\">Jour 1<\/a><\/div>\n\n\n\n<div class=\"wp-block-button\"><a class=\"wp-block-button__link wp-element-button\" href=\"  https:\/\/arrascompostelle.fr\/wp-content\/uploads\/2022\/12\/Jour-2.mp4\">Jour 2<\/a><\/div>\n\n\n\n<div class=\"wp-block-button\"><a class=\"wp-block-button__link wp-element-button\" href=\"  https:\/\/arrascompostelle.fr\/wp-content\/uploads\/2022\/12\/Jour-3.mp4\">Jour 3<\/a><\/div>\n\n\n\n<div class=\"wp-block-button\"><a class=\"wp-block-button__link wp-element-button\" href=\"  https:\/\/arrascompostelle.fr\/wp-content\/uploads\/2022\/12\/Jour-4.mp4\">Jour 4<\/a><\/div>\n\n\n\n<div class=\"wp-block-button\"><a class=\"wp-block-button__link wp-element-button\" href=\"  https:\/\/arrascompostelle.fr\/wp-content\/uploads\/2022\/12\/Jour-5.mp4\">Jour 5<\/a><\/div>\n<\/div>\n\n\n\n<div class=\"wp-block-buttons is-layout-flex wp-block-buttons-is-layout-flex\"><\/div>\n\n\n\n<div class=\"wp-block-buttons is-layout-flex wp-block-buttons-is-layout-flex\"><\/div>\n\n\n\n<p><\/p>\n\n\n\n<hr class=\"wp-block-separator has-alpha-channel-opacity\"\/>\n\n\n\n<h2 class=\"wp-block-heading\">Au printemps 2024, p\u00e9r\u00e9grination en Italie sur la Via Lauretana<\/h2>\n\n\n\n<figure class=\"wp-block-video\"><video controls src=\"https:\/\/arrascompostelle.fr\/wp-content\/uploads\/2025\/02\/vial-lauretana-720x480_01.mp4\"><\/video><figcaption class=\"wp-element-caption\">Premi\u00e8re partie<\/figcaption><\/figure>\n\n\n\n<figure class=\"wp-block-video\"><video controls src=\"https:\/\/arrascompostelle.fr\/wp-content\/uploads\/2025\/02\/vial-lauretana-720x480_02.mp4\"><\/video><figcaption class=\"wp-element-caption\">Seconde partie<\/figcaption><\/figure>\n\n\n\n<figure class=\"wp-block-video\"><video controls src=\"https:\/\/arrascompostelle.fr\/wp-content\/uploads\/2025\/02\/vial-lauretana-720x480_03.mp4\"><\/video><figcaption class=\"wp-element-caption\">Troisi\u00e8me partie<\/figcaption><\/figure>\n\n\n\n<hr class=\"wp-block-separator has-alpha-channel-opacity\"\/>\n\n\n\n<h2 class=\"wp-block-heading\">Au printemps 2025, p\u00e9r\u00e9grination en Sicile, entre Palerme et Agrigente<\/h2>\n\n\n\n<figure class=\"wp-block-video\"><video controls src=\"https:\/\/arrascompostelle.fr\/wp-content\/uploads\/2026\/02\/palerme-Agrigente-1-sur-3.mov\"><\/video><figcaption class=\"wp-element-caption\">Premi\u00e8re partie<\/figcaption><\/figure>\n\n\n\n<figure class=\"wp-block-video\"><video controls src=\"https:\/\/arrascompostelle.fr\/wp-content\/uploads\/2026\/02\/palerme-Agrigente-2-sur-3.mov\"><\/video><figcaption class=\"wp-element-caption\">Seconde partie<\/figcaption><\/figure>\n\n\n\n<figure class=\"wp-block-video\"><video controls src=\"https:\/\/arrascompostelle.fr\/wp-content\/uploads\/2026\/02\/palerme-Agrigente-3-sur-3.mov\"><\/video><figcaption class=\"wp-element-caption\">Troisi\u00e8me partie<\/figcaption><\/figure>\n","protected":false},"excerpt":{"rendered":"<p>A l&rsquo;\u00e9t\u00e9 2022, une \u00e9quipe de FR3 a suivi un groupe de p\u00e8lerins sur la Via Francigena durant 5 jours entre Calais et Amettes dans le Pas de Calais. Au printemps 2024, p\u00e9r\u00e9grination en Italie sur la Via Lauretana Au printemps 2025, p\u00e9r\u00e9grination en Sicile, entre Palerme et Agrigente<\/p>\n","protected":false},"author":3,"featured_media":0,"parent":0,"menu_order":0,"comment_status":"closed","ping_status":"closed","template":"","meta":{"_uag_custom_page_level_css":"","advgb_blocks_editor_width":"","advgb_blocks_columns_visual_guide":"","site-sidebar-layout":"default","site-content-layout":"","ast-site-content-layout":"","site-content-style":"default","site-sidebar-style":"default","ast-global-header-display":"","ast-banner-title-visibility":"","ast-main-header-display":"","ast-hfb-above-header-display":"","ast-hfb-below-header-display":"","ast-hfb-mobile-header-display":"","site-post-title":"","ast-breadcrumbs-content":"","ast-featured-img":"","footer-sml-layout":"","theme-transparent-header-meta":"","adv-header-id-meta":"","stick-header-meta":"","header-above-stick-meta":"","header-main-stick-meta":"","header-below-stick-meta":"","astra-migrate-meta-layouts":"default","ast-page-background-enabled":"default","ast-page-background-meta":{"desktop":{"background-color":"var(--ast-global-color-4)","background-image":"","background-repeat":"repeat","background-position":"center center","background-size":"auto","background-attachment":"scroll","background-type":"","background-media":"","overlay-type":"","overlay-color":"","overlay-opacity":"","overlay-gradient":""},"tablet":{"background-color":"","background-image":"","background-repeat":"repeat","background-position":"center center","background-size":"auto","background-attachment":"scroll","background-type":"","background-media":"","overlay-type":"","overlay-color":"","overlay-opacity":"","overlay-gradient":""},"mobile":{"background-color":"","background-image":"","background-repeat":"repeat","background-position":"center center","background-size":"auto","background-attachment":"scroll","background-type":"","background-media":"","overlay-type":"","overlay-color":"","overlay-opacity":"","overlay-gradient":""}},"ast-content-background-meta":{"desktop":{"background-color":"var(--ast-global-color-5)","background-image":"","background-repeat":"repeat","background-position":"center center","background-size":"auto","background-attachment":"scroll","background-type":"","background-media":"","overlay-type":"","overlay-color":"","overlay-opacity":"","overlay-gradient":""},"tablet":{"background-color":"var(--ast-global-color-5)","background-image":"","background-repeat":"repeat","background-position":"center center","background-size":"auto","background-attachment":"scroll","background-type":"","background-media":"","overlay-type":"","overlay-color":"","overlay-opacity":"","overlay-gradient":""},"mobile":{"background-color":"var(--ast-global-color-5)","background-image":"","background-repeat":"repeat","background-position":"center center","background-size":"auto","background-attachment":"scroll","background-type":"","background-media":"","overlay-type":"","overlay-color":"","overlay-opacity":"","overlay-gradient":""}},"footnotes":""},"jetpack_sharing_enabled":true,"uagb_featured_image_src":{"full":false,"thumbnail":false,"medium":false,"medium_large":false,"large":false,"1536x1536":false,"2048x2048":false},"uagb_author_info":{"display_name":"Fran\u00e7ois SCHERPEREEL","author_link":"https:\/\/arrascompostelle.fr\/?author=3"},"uagb_comment_info":0,"uagb_excerpt":"A l&rsquo;\u00e9t\u00e9 2022, une \u00e9quipe de FR3 a suivi un groupe de p\u00e8lerins sur la Via Francigena durant 5 jours entre Calais et Amettes dans le Pas de Calais. Au printemps 2024, p\u00e9r\u00e9grination en Italie sur la Via Lauretana Au printemps 2025, p\u00e9r\u00e9grination en Sicile, entre Palerme et Agrigente","coauthors":[],"author_meta":{"author_link":"https:\/\/arrascompostelle.fr\/?author=3","display_name":"Fran\u00e7ois SCHERPEREEL"},"relative_dates":{"created":"Publi\u00e9 3 ans il y a","modified":"Mis \u00e0 jour 2 mois il y a"},"absolute_dates":{"created":"Publi\u00e9 le 4 d\u00e9cembre 2022","modified":"Mise \u00e0 jour le 13 f\u00e9vrier 2026"},"absolute_dates_time":{"created":"Publi\u00e9 le 4 d\u00e9cembre 2022 19h04","modified":"Mise \u00e0 jour le 13 f\u00e9vrier 2026 22h25"},"featured_img_caption":"","featured_img":false,"series_order":"","_links":{"self":[{"href":"https:\/\/arrascompostelle.fr\/index.php?rest_route=\/wp\/v2\/pages\/508"}],"collection":[{"href":"https:\/\/arrascompostelle.fr\/index.php?rest_route=\/wp\/v2\/pages"}],"about":[{"href":"https:\/\/arrascompostelle.fr\/index.php?rest_route=\/wp\/v2\/types\/page"}],"author":[{"embeddable":true,"href":"https:\/\/arrascompostelle.fr\/index.php?rest_route=\/wp\/v2\/users\/3"}],"replies":[{"embeddable":true,"href":"https:\/\/arrascompostelle.fr\/index.php?rest_route=%2Fwp%2Fv2%2Fcomments&post=508"}],"version-history":[{"count":16,"href":"https:\/\/arrascompostelle.fr\/index.php?rest_route=\/wp\/v2\/pages\/508\/revisions"}],"predecessor-version":[{"id":1227,"href":"https:\/\/arrascompostelle.fr\/index.php?rest_route=\/wp\/v2\/pages\/508\/revisions\/1227"}],"wp:attachment":[{"href":"https:\/\/arrascompostelle.fr\/index.php?rest_route=%2Fwp%2Fv2%2Fmedia&parent=508"}],"curies":[{"name":"wp","href":"https:\/\/api.w.org\/{rel}","templated":true}]}}