{"id":3,"date":"2020-05-17T16:20:18","date_gmt":"2020-05-17T14:20:18","guid":{"rendered":"http:\/\/arrascompostelle.fr\/?page_id=3"},"modified":"2024-01-17T16:31:00","modified_gmt":"2024-01-17T15:31:00","slug":"politique-de-confidentialite","status":"publish","type":"page","link":"https:\/\/arrascompostelle.fr\/?page_id=3","title":{"rendered":"Protection des donn\u00e9es personnelles"},"content":{"rendered":"\n<h2 class=\"wp-block-heading\">Politique de protection des donn\u00e9es personnelles<\/h2>\n\n\n\n<hr class=\"wp-block-separator\"\/>\n\n\n\n<p>La pr\u00e9sente Politique de protection des donn\u00e9es \u00e0 caract\u00e8re personnel a pour objectif de d\u00e9finir les principes et lignes directrices mis en \u0153uvre par l\u2019association Arras Compostelle Francigena en mati\u00e8re de traitement des donn\u00e9es \u00e0 caract\u00e8re personnel des utilisateurs du site internet arrascompostelle.fr.<\/p>\n\n\n\n<p>La notion de \u00ab donn\u00e9es \u00e0 caract\u00e8re personnel \u00bb ou \u00ab donn\u00e9es personnelles \u00bb correspond \u00e0 la d\u00e9finition donn\u00e9e par l\u2019article 4 du R\u00e8glement G\u00e9n\u00e9ral de l\u2019Union Europ\u00e9enne sur la protection des Donn\u00e9es (RGPD 2016\/679) c\u2019est-\u00e0-dire \u00e0 toute&nbsp; information susceptible de permettre l\u2019identification d\u2019une personne physique de mani\u00e8re directe ou indirecte : nom, pr\u00e9nom, adresse IP, adresse email, etc.<\/p>\n\n\n\n<p>L\u2019association Arras Compostelle Francigena affirme son attachement au respect des lois et r\u00e8glements applicables en mati\u00e8re de protection des donn\u00e9es, et s\u2019engage \u00e0 pr\u00e9server leur s\u00e9curit\u00e9, leur confidentialit\u00e9 et leur int\u00e9grit\u00e9.<\/p>\n\n\n\n<p>L\u2019association Arras Compostelle Francigena s\u2019engage formellement \u00e0 ne vendre, louer, \u00e9changer ou c\u00e9der \u00e0 titre gratuit aucune information personnelle.<\/p>\n\n\n\n<h3 class=\"wp-block-heading\">\u200b1. Champ d\u2019application<\/h3>\n\n\n\n<p>\u200bLa pr\u00e9sente Politique s\u2019applique \u00e0 l\u2019ensemble des&nbsp; traitements de donn\u00e9es \u00e0 caract\u00e8re personnel effectu\u00e9s par l\u2019association Arras Compostelle Francigena \u00e0 partir de son site internet&nbsp;:<\/p>\n\n\n\n<ul><li>Gestion des adh\u00e9sions<\/li><li>Gestion des cotisations<\/li><li>Gestion des lettres d\u2019information<\/li><\/ul>\n\n\n\n<h3 class=\"wp-block-heading\">2. Donn\u00e9es collect\u00e9es<\/h3>\n\n\n\n<p>Sont collect\u00e9es les seules donn\u00e9es strictement n\u00e9cessaires \u00e0 l\u2019ex\u00e9cution des traitements mentionn\u00e9es plus haut, \u00e0 savoir&nbsp;:<\/p>\n\n\n\n<ul><li>Informations de contact (nom adresses et t\u00e9l\u00e9phone)<\/li><li>Information n\u00e9cessaires \u00e0 la gestion des cotisations (p\u00e9riodes et montants)<\/li><\/ul>\n\n\n\n<h3 class=\"wp-block-heading\">\u200b3. Utilisation des donn\u00e9es collect\u00e9es<\/h3>\n\n\n\n<p>Les donn\u00e9es collect\u00e9es sont utilis\u00e9es pour les finalit\u00e9s suivantes&nbsp;:<\/p>\n\n\n\n<ul><li>Gestion des adh\u00e9sions (identification et p\u00e9riodes de validit\u00e9)<\/li><li>Gestion des r\u00e8glements des cotisations<\/li><li>Gestion de l\u2019envoi des lettres d\u2019information<\/li><li>Formulaire de contact&nbsp;: les donn\u00e9es collect\u00e9es via le formulaire de contact sont utilis\u00e9es pour le traitement des demandes des visiteurs du site et pour la r\u00e9alisation de statistiques.<\/li><li>Donn\u00e9es de connexion&nbsp;: les donn\u00e9es de connexion sont utilis\u00e9es afin de garantir la s\u00e9curit\u00e9 et la tra\u00e7abilit\u00e9 des donn\u00e9es personnelles. Ces donn\u00e9es sont \u00e9galement utilis\u00e9es \u00e0 des fins de statistiques de consultation et de visite de notre site internet.<br><br><strong><\/strong><\/li><\/ul>\n\n\n\n<h3 class=\"wp-block-heading\">\u200b4. Destinataires des donn\u00e9es \u00e0 caract\u00e8re personnel<\/h3>\n\n\n\n<p>L\u2019acc\u00e8s aux donn\u00e9es \u00e0 caract\u00e8re personnel est limit\u00e9 \u00e0\u2026<\/p>\n\n\n\n<h3 class=\"wp-block-heading\">\u200b5. Dur\u00e9e de conservation des donn\u00e9es<\/h3>\n\n\n\n<p>La dur\u00e9e de conservation des donn\u00e9es personnelles diff\u00e8re en fonction des finalit\u00e9s de traitement&nbsp;:<\/p>\n\n\n\n<ul><li>Gestion des cotisations&nbsp;: conform\u00e9ment \u00e0 l\u2019article L. 102 E du livre des proc\u00e9dures fiscales, les &nbsp;donn\u00e9es personnelles sont conserv\u00e9es pendant 6 ans apr\u00e8s le dernier don effectif.<\/li><li>Formulaire de contact&nbsp;: les donn\u00e9es personnelles sont conserv\u00e9es pendant 2 ann\u00e9es apr\u00e8s le dernier contact.<\/li><li>Gestion des adh\u00e9sions&nbsp;: les donn\u00e9es personnelles sont conserv\u00e9es pendant 2 ann\u00e9es apr\u00e8s la derni\u00e8re ann\u00e9e d\u2019adh\u00e9sion.<\/li><li>Lettres d\u2019information&nbsp;: les donn\u00e9es personnelles sont conserv\u00e9es sans limitation de dur\u00e9e apr\u00e8s inscription sur le site. Chacun peut se d\u00e9sinscrire en suivant les liens de d\u00e9sinscription figurant sur chaque lettre d\u2019information.<\/li><\/ul>\n\n\n\n<h3 class=\"wp-block-heading\">6. S\u00e9curit\u00e9 des donn\u00e9es<\/h3>\n\n\n\n<p>L\u2019association Arras Compostelle Francigena est particuli\u00e8rement attach\u00e9e aux donn\u00e9es personnelles qu\u2019elle collecte et qu\u2019elle traite. Ces op\u00e9rations sont r\u00e9alis\u00e9es de mani\u00e8re s\u00e9curis\u00e9es.<br>L\u2019association met en \u0153uvre les mesures techniques, physiques et organisationnelles n\u00e9cessaires pour pr\u00e9venir, dans toute la mesure du possible, toute alt\u00e9ration, perte ou acc\u00e8s non autoris\u00e9 aux donn\u00e9es personnelles.<\/p>\n\n\n\n<h3 class=\"wp-block-heading\">\u200b7. Stockage des donn\u00e9es<\/h3>\n\n\n\n<p>Les donn\u00e9es \u00e0 caract\u00e8re personnel sont stock\u00e9es en Union Europ\u00e9enne dans la base de donn\u00e9es associ\u00e9e au site internet de l\u2019association.<\/p>\n\n\n\n<h3 class=\"wp-block-heading\">\u200b8. Droits relatifs aux donn\u00e9es \u00e0 caract\u00e8re personnel<\/h3>\n\n\n\n<p>Conform\u00e9ment au R\u00e8glement G\u00e9n\u00e9ral sur la protection des donn\u00e9es 2016\/679, chacun dispose d\u2019un droit d\u2019acc\u00e8s, de rectification, de suppression, de portabilit\u00e9 des donn\u00e9es le concernant. Chacun dispose \u00e9galement d\u2019un droit de limitation et d\u2019opposition aux traitements de donn\u00e9es le concernant.<\/p>\n\n\n\n<p>Conform\u00e9ment \u00e0 l\u2019article 40-1 de la loi Informatique et libert\u00e9s, chacun a \u00e9galement la possibilit\u00e9 de donner des directives relatives \u00e0 la conservation, \u00e0 l\u2019effacement et \u00e0 la communication de ses donn\u00e9es personnelles apr\u00e8s son d\u00e9c\u00e8s.<\/p>\n\n\n\n<p>Pour exercer ces droits, il suffit d\u2019adresser une demande&nbsp;\u00e9crite au si\u00e8ge de l\u2019association ou d&rsquo;envoyer un message \u00e0 postmaster@arrascompostelle.fr.<\/p>\n\n\n\n<p>Chacun dispose \u00e9galement, conform\u00e9ment au R\u00e8glement Europ\u00e9en du droit d\u2019adresser une r\u00e9clamation aupr\u00e8s de la CNIL.<\/p>\n","protected":false},"excerpt":{"rendered":"<p>Politique de protection des donn\u00e9es personnelles La pr\u00e9sente Politique de protection des donn\u00e9es \u00e0 caract\u00e8re personnel a pour objectif de d\u00e9finir les principes et lignes directrices mis en \u0153uvre par l\u2019association Arras Compostelle Francigena en mati\u00e8re de traitement des donn\u00e9es \u00e0 caract\u00e8re personnel des utilisateurs du site internet arrascompostelle.fr. La notion de \u00ab donn\u00e9es \u00e0 [&hellip;]<\/p>\n","protected":false},"author":3,"featured_media":0,"parent":0,"menu_order":0,"comment_status":"closed","ping_status":"open","template":"","meta":{"_uag_custom_page_level_css":"","advgb_blocks_editor_width":"","advgb_blocks_columns_visual_guide":"","site-sidebar-layout":"default","site-content-layout":"","ast-site-content-layout":"","site-content-style":"default","site-sidebar-style":"default","ast-global-header-display":"","ast-banner-title-visibility":"","ast-main-header-display":"","ast-hfb-above-header-display":"","ast-hfb-below-header-display":"","ast-hfb-mobile-header-display":"","site-post-title":"","ast-breadcrumbs-content":"","ast-featured-img":"","footer-sml-layout":"","theme-transparent-header-meta":"","adv-header-id-meta":"","stick-header-meta":"","header-above-stick-meta":"","header-main-stick-meta":"","header-below-stick-meta":"","astra-migrate-meta-layouts":"default","ast-page-background-enabled":"default","ast-page-background-meta":{"desktop":{"background-color":"var(--ast-global-color-4)","background-image":"","background-repeat":"repeat","background-position":"center center","background-size":"auto","background-attachment":"scroll","background-type":"","background-media":"","overlay-type":"","overlay-color":"","overlay-opacity":"","overlay-gradient":""},"tablet":{"background-color":"","background-image":"","background-repeat":"repeat","background-position":"center center","background-size":"auto","background-attachment":"scroll","background-type":"","background-media":"","overlay-type":"","overlay-color":"","overlay-opacity":"","overlay-gradient":""},"mobile":{"background-color":"","background-image":"","background-repeat":"repeat","background-position":"center center","background-size":"auto","background-attachment":"scroll","background-type":"","background-media":"","overlay-type":"","overlay-color":"","overlay-opacity":"","overlay-gradient":""}},"ast-content-background-meta":{"desktop":{"background-color":"var(--ast-global-color-5)","background-image":"","background-repeat":"repeat","background-position":"center center","background-size":"auto","background-attachment":"scroll","background-type":"","background-media":"","overlay-type":"","overlay-color":"","overlay-opacity":"","overlay-gradient":""},"tablet":{"background-color":"var(--ast-global-color-5)","background-image":"","background-repeat":"repeat","background-position":"center center","background-size":"auto","background-attachment":"scroll","background-type":"","background-media":"","overlay-type":"","overlay-color":"","overlay-opacity":"","overlay-gradient":""},"mobile":{"background-color":"var(--ast-global-color-5)","background-image":"","background-repeat":"repeat","background-position":"center center","background-size":"auto","background-attachment":"scroll","background-type":"","background-media":"","overlay-type":"","overlay-color":"","overlay-opacity":"","overlay-gradient":""}},"footnotes":""},"jetpack_sharing_enabled":true,"uagb_featured_image_src":{"full":false,"thumbnail":false,"medium":false,"medium_large":false,"large":false,"1536x1536":false,"2048x2048":false},"uagb_author_info":{"display_name":"Fran\u00e7ois SCHERPEREEL","author_link":"https:\/\/arrascompostelle.fr\/?author=3"},"uagb_comment_info":0,"uagb_excerpt":"Politique de protection des donn\u00e9es personnelles La pr\u00e9sente Politique de protection des donn\u00e9es \u00e0 caract\u00e8re personnel a pour objectif de d\u00e9finir les principes et lignes directrices mis en \u0153uvre par l\u2019association Arras Compostelle Francigena en mati\u00e8re de traitement des donn\u00e9es \u00e0 caract\u00e8re personnel des utilisateurs du site internet arrascompostelle.fr. La notion de \u00ab donn\u00e9es \u00e0\u2026","coauthors":[],"author_meta":{"author_link":"https:\/\/arrascompostelle.fr\/?author=3","display_name":"Fran\u00e7ois SCHERPEREEL"},"relative_dates":{"created":"Publi\u00e9 6 ans il y a","modified":"Mis \u00e0 jour 2 ans il y a"},"absolute_dates":{"created":"Publi\u00e9 le 17 mai 2020","modified":"Mise \u00e0 jour le 17 janvier 2024"},"absolute_dates_time":{"created":"Publi\u00e9 le 17 mai 2020 16h20","modified":"Mise \u00e0 jour le 17 janvier 2024 16h31"},"featured_img_caption":"","featured_img":false,"series_order":"","_links":{"self":[{"href":"https:\/\/arrascompostelle.fr\/index.php?rest_route=\/wp\/v2\/pages\/3"}],"collection":[{"href":"https:\/\/arrascompostelle.fr\/index.php?rest_route=\/wp\/v2\/pages"}],"about":[{"href":"https:\/\/arrascompostelle.fr\/index.php?rest_route=\/wp\/v2\/types\/page"}],"author":[{"embeddable":true,"href":"https:\/\/arrascompostelle.fr\/index.php?rest_route=\/wp\/v2\/users\/3"}],"replies":[{"embeddable":true,"href":"https:\/\/arrascompostelle.fr\/index.php?rest_route=%2Fwp%2Fv2%2Fcomments&post=3"}],"version-history":[{"count":4,"href":"https:\/\/arrascompostelle.fr\/index.php?rest_route=\/wp\/v2\/pages\/3\/revisions"}],"predecessor-version":[{"id":711,"href":"https:\/\/arrascompostelle.fr\/index.php?rest_route=\/wp\/v2\/pages\/3\/revisions\/711"}],"wp:attachment":[{"href":"https:\/\/arrascompostelle.fr\/index.php?rest_route=%2Fwp%2Fv2%2Fmedia&parent=3"}],"curies":[{"name":"wp","href":"https:\/\/api.w.org\/{rel}","templated":true}]}}