{"id":212,"date":"2020-05-24T16:22:47","date_gmt":"2020-05-24T14:22:47","guid":{"rendered":"https:\/\/arrascompostelle.fr\/?page_id=212"},"modified":"2026-05-03T23:08:53","modified_gmt":"2026-05-03T21:08:53","slug":"utile","status":"publish","type":"page","link":"https:\/\/arrascompostelle.fr\/?page_id=212","title":{"rendered":"Les randos ACF"},"content":{"rendered":"\n<h2 class=\"wp-block-heading\">La charte du parfait randonneur<\/h2>\n\n\n\n<div class=\"wp-block-uagb-container uagb-block-90a73940 alignfull uagb-is-root-container\"><div class=\"uagb-container-inner-blocks-wrap\">\n<div class=\"wp-block-uagb-container uagb-block-81e0e47f\">\n<figure class=\"wp-block-image size-full is-resized\"><img loading=\"lazy\" decoding=\"async\" width=\"450\" height=\"379\" src=\"https:\/\/arrascompostelle.fr\/wp-content\/uploads\/2026\/03\/randonner-pour-les-nuls.jpg\" alt=\"\" class=\"wp-image-1381\" style=\"width:708px;height:auto\" srcset=\"https:\/\/arrascompostelle.fr\/wp-content\/uploads\/2026\/03\/randonner-pour-les-nuls.jpg 450w, https:\/\/arrascompostelle.fr\/wp-content\/uploads\/2026\/03\/randonner-pour-les-nuls-300x253.jpg 300w\" sizes=\"(max-width: 450px) 100vw, 450px\" \/><\/figure>\n<\/div>\n\n\n\n<div class=\"wp-block-uagb-container uagb-block-b783ccd3\">\n<ul>\n<li class=\"has-medium-font-size\">Respectons les sentiers et les espaces prot\u00e9g\u00e9s<\/li>\n\n\n\n<li class=\"has-medium-font-size\">Partageons les espaces naturels et prot\u00e9geons nos sites<\/li>\n\n\n\n<li class=\"has-medium-font-size\">Laissons pousser les fleurs et r\u00e9cup\u00e9rons nos d\u00e9chets<\/li>\n\n\n\n<li class=\"has-medium-font-size\">Ne faisons pas de feu<\/li>\n\n\n\n<li class=\"has-medium-font-size\">Et surtout, soyons discrets !<\/li>\n<\/ul>\n<\/div>\n<\/div><\/div>\n\n\n\n<div class=\"wp-block-columns is-layout-flex wp-container-core-columns-is-layout-1 wp-block-columns-is-layout-flex\">\n<div class=\"wp-block-column is-layout-flow wp-block-column-is-layout-flow\" style=\"flex-basis:66.66%\">\n<p class=\"has-medium-font-size\">Je randonne, tu randonnes, nous randonnons\u2026 avec Arras Compostelle Francigena dans les Hauts de France autour du Chemin de Compostelle et de la Via Francigena.<\/p>\n\n\n\n<p class=\"has-medium-font-size\"><strong>La commission Randonn\u00e9e vous propose&nbsp;:<\/strong><\/p>\n\n\n\n<ul>\n<li class=\"has-medium-font-size\">Le matin de chaque 1<sup>er<\/sup> samedi et chaque 3<sup>\u00e8me<\/sup> dimanche du mois une randonn\u00e9e de 10 \u00e0 14&nbsp;km (de septembre \u00e0 juin, d\u00e9part dans un rayon maximum de 30 km autour d\u2019Arras).<\/li>\n\n\n\n<li class=\"has-medium-font-size\">3 ou 4 fois dans l\u2019ann\u00e9e&nbsp;: une journ\u00e9e de randonn\u00e9e de 20 \u00e0 25 km (d\u00e9part dans les Hauts de France).<\/li>\n<\/ul>\n\n\n\n<p><\/p>\n<\/div>\n\n\n\n<div class=\"wp-block-column is-layout-flow wp-block-column-is-layout-flow\" style=\"flex-basis:33.33%\">\n<p><a href=\"https:\/\/arrascompostelle.fr\/wp-content\/uploads\/2026\/05\/RANDO_DIMANCHE_17_mai_2026_-_ROCLINCOURT.pdf\" target=\"_blank\" rel=\"noreferrer noopener\"><strong>Dimanche 17 mai 2026 &#8211; Deux randonn\u00e9es au d\u00e9part de Roclincourt<\/strong><\/a><\/p>\n\n\n\n<p><a href=\"https:\/\/arrascompostelle.fr\/wp-content\/uploads\/2026\/04\/RANDO_SAMEDI_2_mai_-_THIEPVAL.pdf\" target=\"_blank\" rel=\"noreferrer noopener\"><strong>Samedi 2 mai 2026 &#8211; Journ\u00e9e de randonn\u00e9e au d\u00e9part de Thiepval<\/strong><\/a><\/p>\n\n\n\n<p><strong><a href=\"https:\/\/arrascompostelle.fr\/wp-content\/uploads\/2026\/04\/RANDO_DIMANCHE_26_avrril_2026_-_MEURCHIN.pdf\" target=\"_blank\" rel=\"noreferrer noopener\">Dimanche 26 avril 2026 &#8211; 12 km au d\u00e9part de Meurchin<\/a><\/strong><\/p>\n\n\n\n<p><strong><a href=\"https:\/\/arrascompostelle.fr\/wp-content\/uploads\/2026\/04\/RANDO_DIMANCHE_19_avril_2026_-_BOUVIGNY-3.pdf\" target=\"_blank\" rel=\"noreferrer noopener\">Dimanche 19 avril 2026 &#8211; 11 km au d\u00e9part de Bouvigny-Boyeffles<\/a><\/strong><\/p>\n\n\n\n<p><strong><a href=\"https:\/\/arrascompostelle.fr\/wp-content\/uploads\/2026\/03\/RANDO_SAMEDI_4_avril_-_LUCHEUX.pdf\" target=\"_blank\" rel=\"noreferrer noopener\">Samedi 4 avril 2026 &#8211; 11 km au d\u00e9part de Lucheux<\/a><\/strong><\/p>\n\n\n\n<p><strong><a href=\"https:\/\/arrascompostelle.fr\/wp-content\/uploads\/2026\/03\/RANDO_DIMANCHE_29_mars_2026_-_HANTAY.pdf\" target=\"_blank\" rel=\"noreferrer noopener\">Dimanche 29 mars 2026 &#8211; 11 km au d\u00e9part de Hantay<\/a><\/strong><\/p>\n\n\n\n<p><strong><a href=\"https:\/\/arrascompostelle.fr\/wp-content\/uploads\/2026\/03\/RANDO_SAMEDI_21_mars_2026_-_GIVENCHY_EN_GOHELLE-2.pdf\" target=\"_blank\" rel=\"noreferrer noopener\">Samedi 21 mars 2026 &#8211; 11 km au d\u00e9part de Givenchy-en-Gohrelle<\/a><\/strong><\/p>\n\n\n\n<p><strong><a href=\"https:\/\/arrascompostelle.fr\/wp-content\/uploads\/2026\/02\/RANDO_SAMEDI_7_mars_-_WARLENCOURT.pdf\" target=\"_blank\" rel=\"noreferrer noopener\">Samedi 7 mars 2026 &#8211; 11 km au d\u00e9part de Warlencourt-Eaucourt<\/a><\/strong><\/p>\n\n\n\n<p><strong><a href=\"https:\/\/arrascompostelle.fr\/wp-content\/uploads\/2026\/01\/RANDO_DIMANCHE_22_fevrier_2026_-_MAISNIL_LES_RUITZ__HAILLICOURT.pdf\" target=\"_blank\" rel=\"noreferrer noopener\">Dimanche 22 f\u00e9vrier2026 &#8211; 11 km au d\u00e9part de Maisnil-lez-Ruitz<\/a><\/strong><\/p>\n\n\n\n<p><strong><a href=\"https:\/\/arrascompostelle.fr\/wp-content\/uploads\/2026\/01\/RANDO_SAMEDI_7_fevrier_-_MT_ST_ELOI.pdf\" target=\"_blank\" rel=\"noreferrer noopener\">Samedi 7 f\u00e9vrier2026 &#8211; 11 km au d\u00e9part de Mont-St-Eloi<\/a><\/strong><\/p>\n\n\n\n<p><strong><a href=\"https:\/\/arrascompostelle.fr\/wp-content\/uploads\/2026\/01\/RANDO_DIMANCHE_18_JANVIER_-_VIMY_v2.pdf\" target=\"_blank\" rel=\"noreferrer noopener\">Dimanche 18 janvier 2026 &#8211; 11 km en for\u00eat de Vimy<\/a><\/strong><\/p>\n\n\n\n<p><strong><a href=\"https:\/\/arrascompostelle.fr\/wp-content\/uploads\/2025\/12\/RANDO_14_DECEMBRE_-_WANCOURT.pdf\" target=\"_blank\" rel=\"noreferrer noopener\">Samedi 3 janvier 2026 &#8211; 11 km au d\u00e9part de Maroeuil<\/a><\/strong><\/p>\n\n\n\n<p><strong><a href=\"https:\/\/arrascompostelle.fr\/wp-content\/uploads\/2025\/12\/RANDO_14_DECEMBRE_-_WANCOURT.pdf\" target=\"_blank\" rel=\"noreferrer noopener\">Dimanche 14 d\u00e9cembre &#8211; 11 km au d\u00e9part de Wancourt<\/a><\/strong><\/p>\n\n\n\n<p><strong><a href=\"https:\/\/arrascompostelle.fr\/wp-content\/uploads\/2025\/12\/RANDO_6_DECEMBRE_-_WAILLY-2.pdf\" target=\"_blank\" rel=\"noreferrer noopener\">Samedi 6 d\u00e9cembre 2025 &#8211; 11 km au d\u00e9part de Wailly<\/a><\/strong><\/p>\n\n\n\n<p><strong><a href=\"https:\/\/arrascompostelle.fr\/wp-content\/uploads\/2025\/11\/RANDO_16_NOVEMBRE-2.pdf\" target=\"_blank\" rel=\"noreferrer noopener\">Dimanche 16 novembre 2025 &#8211; 9 km au d\u00e9part de Gouves en pr\u00e9ambule \u00e0 la traditionnelle \u00ab\u00a0Journ\u00e9e du P\u00e8lerin\u00a0\u00bb<\/a><\/strong><\/p>\n\n\n\n<p><strong><a href=\"https:\/\/arrascompostelle.fr\/wp-content\/uploads\/2025\/10\/RANDO_2_NOVEMBRE.pdf\" target=\"_blank\" rel=\"noreferrer noopener\">Dimanche 2 novembre 2025 &#8211; 11 km au d\u00e9part de la Citadelle d&rsquo;Arras<\/a><\/strong><\/p>\n\n\n\n<p><strong><a href=\"https:\/\/arrascompostelle.fr\/wp-content\/uploads\/2025\/10\/RANDO_19_OCT_v2.pdf\" target=\"_blank\" rel=\"noreferrer noopener\">Dimanche 19 octobre 2025 &#8211; 12 km au d\u00e9part de Noyelles sous Lens<\/a><\/strong><\/p>\n\n\n\n<p><strong><a href=\"https:\/\/arrascompostelle.fr\/wp-content\/uploads\/2025\/09\/RANDO_4_OCTOBRE-2.pdf\" target=\"_blank\" rel=\"noreferrer noopener\">Samedi 4 octobre 2025 &#8211; 10 km au d\u00e9part de Lagnicourt-Marcel<\/a><\/strong><\/p>\n\n\n\n<p><strong><a href=\"https:\/\/arrascompostelle.fr\/wp-content\/uploads\/2025\/09\/RANDO_21_SEPT.pdf\" target=\"_blank\" rel=\"noreferrer noopener\">Dimanche 21 septembre 2025 &#8211; 11 km au d\u00e9part de La Comt\u00e9<\/a><\/strong><\/p>\n\n\n\n<p><strong><a href=\"https:\/\/arrascompostelle.fr\/wp-content\/uploads\/2025\/08\/randonnee_du_samedi_6_septembre_2025.pdf\" target=\"_blank\" rel=\"noreferrer noopener\">Samedi 6 septembre 2025 &#8211; 11 km au d\u00e9part de Hauteville<\/a><\/strong><\/p>\n\n\n\n<p><strong><a href=\"https:\/\/arrascompostelle.fr\/wp-content\/uploads\/2025\/08\/randonnee_du_samedi_9_aout_2025.pdf\" target=\"_blank\" rel=\"noreferrer noopener\">Samedi 9 ao\u00fbt 2025 &#8211; 10 km au d\u00e9part de Avion<\/a><\/strong><\/p>\n\n\n\n<p><strong><a href=\"https:\/\/arrascompostelle.fr\/wp-content\/uploads\/2025\/05\/dimanche_22_juin_2025_-_Lignereuil.pdf\" target=\"_blank\" rel=\"noreferrer noopener\">Dimanche 22 juin &#8211; 11 km au d\u00e9part de Lignereuil<\/a><\/strong><\/p>\n\n\n\n<p><strong><a href=\"https:\/\/arrascompostelle.fr\/wp-content\/uploads\/2025\/05\/Samedi_7_juin_2025_-_Belval-2.pdf\" target=\"_blank\" rel=\"noreferrer noopener\">Samedi 7 juin &#8211; Journ\u00e9e de randonn\u00e9e autour de l&rsquo;abbaye de Belval<\/a><\/strong><\/p>\n\n\n\n<p><strong><a href=\"https:\/\/arrascompostelle.fr\/wp-content\/uploads\/2025\/04\/dimanche_18_mai_2025_-_Villers-Chatel.pdf\" target=\"_blank\" rel=\"noreferrer noopener\">Dimanche 18 mai 2025 11 km au d\u00e9part de Villers-Ch\u00e2tel<\/a><\/strong><\/p>\n\n\n\n<p><strong><a href=\"https:\/\/arrascompostelle.fr\/wp-content\/uploads\/2025\/04\/Samedi_3_mai_2025_-_Longueval.pdf\" target=\"_blank\" rel=\"noreferrer noopener\">Samedi 3 mai 2025 11 km au d\u00e9part de Longueval<\/a><\/strong><\/p>\n\n\n\n<p><strong><a href=\"https:\/\/arrascompostelle.fr\/wp-content\/uploads\/2025\/04\/Samedi_19_avril_2025_-_Pas_en_Artois.pdf\" target=\"_blank\" rel=\"noreferrer noopener\">Samedi 19 avril 2025 11 km au d\u00e9part de Pas-en-Artois<\/a><\/strong><\/p>\n\n\n\n<p><strong><a href=\"https:\/\/arrascompostelle.fr\/wp-content\/uploads\/2025\/03\/Samedi_5_avril_2025_-_Sailly_en_Ostrevent.pdf\" target=\"_blank\" rel=\"noreferrer noopener\">Samedi 5 avril 2025 11 km au d\u00e9part de Sailly en Ostrevent<\/a><\/strong><\/p>\n\n\n\n<p><strong><a href=\"https:\/\/arrascompostelle.fr\/wp-content\/uploads\/2025\/03\/Dimanche_16_mars_2025_-_Roeux.pdf\" target=\"_blank\" rel=\"noreferrer noopener\">Dimanche 16 mars 2025 12 km au d\u00e9part de Roeux<\/a><\/strong><\/p>\n\n\n\n<p><strong><a href=\"https:\/\/arrascompostelle.fr\/wp-content\/uploads\/2025\/02\/Rando_du_dimanche_16_fevrier_2025.pdf\" target=\"_blank\" rel=\"noreferrer noopener\">Dimanche  16 f\u00e9vrier 2025 11 km au d\u00e9part de Ecoivres<\/a><\/strong><\/p>\n\n\n\n<p><strong><a href=\"https:\/\/arrascompostelle.fr\/wp-content\/uploads\/2025\/02\/Rando_du_dimanche_16_fevrier_2025.pdf\" target=\"_blank\" rel=\"noreferrer noopener\">Dimanche  16 f\u00e9vrier 2025 11 km au d\u00e9part de Ecoivres<\/a><\/strong><\/p>\n\n\n\n<p><strong><a href=\"https:\/\/arrascompostelle.fr\/wp-content\/uploads\/2025\/01\/rando_1_fevrier_2025_v2.pdf\" target=\"_blank\" rel=\"noreferrer noopener\">Samedi 1er f\u00e9vrier 2025 12 km au d\u00e9part de H\u00e9nin sur Cojeul<\/a><\/strong><\/p>\n\n\n\n<p><strong><a href=\"https:\/\/arrascompostelle.fr\/wp-content\/uploads\/2025\/01\/rando_19_janvier_2025_v2.pdf\" target=\"_blank\" rel=\"noreferrer noopener\">Dimanche 19 janvier 2025 12 km au d\u00e9part de Rivi\u00e8re<\/a><\/strong><\/p>\n\n\n\n<p><strong><a href=\"https:\/\/arrascompostelle.fr\/wp-content\/uploads\/2024\/12\/rando_4_janvier-2025_v2.pdf\" target=\"_blank\" rel=\"noreferrer noopener\">Samedi 4 janvier 2025 11 km au d\u00e9part de Farbus<\/a><\/strong><\/p>\n<\/div>\n<\/div>\n\n\n\n<div class=\"wp-block-columns is-layout-flex wp-container-core-columns-is-layout-3 wp-block-columns-is-layout-flex\">\n<div class=\"wp-block-column is-layout-flow wp-block-column-is-layout-flow\" style=\"flex-basis:100%\">\n<div class=\"wp-block-group is-layout-flow wp-block-group-is-layout-flow\">\n<div class=\"wp-block-columns is-layout-flex wp-container-core-columns-is-layout-2 wp-block-columns-is-layout-flex\">\n<div class=\"wp-block-column is-layout-flow wp-block-column-is-layout-flow\" style=\"flex-basis:100%\"><\/div>\n<\/div>\n<\/div>\n<\/div>\n<\/div>\n","protected":false},"excerpt":{"rendered":"<p>La charte du parfait randonneur Je randonne, tu randonnes, nous randonnons\u2026 avec Arras Compostelle Francigena dans les Hauts de France autour du Chemin de Compostelle et de la Via Francigena. La commission Randonn\u00e9e vous propose&nbsp;: Dimanche 17 mai 2026 &#8211; Deux randonn\u00e9es au d\u00e9part de Roclincourt Samedi 2 mai 2026 &#8211; Journ\u00e9e de randonn\u00e9e au [&hellip;]<\/p>\n","protected":false},"author":3,"featured_media":0,"parent":0,"menu_order":0,"comment_status":"closed","ping_status":"closed","template":"","meta":{"_uag_custom_page_level_css":"","advgb_blocks_editor_width":"","advgb_blocks_columns_visual_guide":"","site-sidebar-layout":"default","site-content-layout":"","ast-site-content-layout":"","site-content-style":"default","site-sidebar-style":"default","ast-global-header-display":"","ast-banner-title-visibility":"","ast-main-header-display":"","ast-hfb-above-header-display":"","ast-hfb-below-header-display":"","ast-hfb-mobile-header-display":"","site-post-title":"","ast-breadcrumbs-content":"","ast-featured-img":"","footer-sml-layout":"","theme-transparent-header-meta":"","adv-header-id-meta":"","stick-header-meta":"","header-above-stick-meta":"","header-main-stick-meta":"","header-below-stick-meta":"","astra-migrate-meta-layouts":"default","ast-page-background-enabled":"default","ast-page-background-meta":{"desktop":{"background-color":"var(--ast-global-color-4)","background-image":"","background-repeat":"repeat","background-position":"center center","background-size":"auto","background-attachment":"scroll","background-type":"","background-media":"","overlay-type":"","overlay-color":"","overlay-opacity":"","overlay-gradient":""},"tablet":{"background-color":"","background-image":"","background-repeat":"repeat","background-position":"center center","background-size":"auto","background-attachment":"scroll","background-type":"","background-media":"","overlay-type":"","overlay-color":"","overlay-opacity":"","overlay-gradient":""},"mobile":{"background-color":"","background-image":"","background-repeat":"repeat","background-position":"center center","background-size":"auto","background-attachment":"scroll","background-type":"","background-media":"","overlay-type":"","overlay-color":"","overlay-opacity":"","overlay-gradient":""}},"ast-content-background-meta":{"desktop":{"background-color":"var(--ast-global-color-5)","background-image":"","background-repeat":"repeat","background-position":"center center","background-size":"auto","background-attachment":"scroll","background-type":"","background-media":"","overlay-type":"","overlay-color":"","overlay-opacity":"","overlay-gradient":""},"tablet":{"background-color":"var(--ast-global-color-5)","background-image":"","background-repeat":"repeat","background-position":"center center","background-size":"auto","background-attachment":"scroll","background-type":"","background-media":"","overlay-type":"","overlay-color":"","overlay-opacity":"","overlay-gradient":""},"mobile":{"background-color":"var(--ast-global-color-5)","background-image":"","background-repeat":"repeat","background-position":"center center","background-size":"auto","background-attachment":"scroll","background-type":"","background-media":"","overlay-type":"","overlay-color":"","overlay-opacity":"","overlay-gradient":""}},"footnotes":""},"jetpack_sharing_enabled":true,"uagb_featured_image_src":{"full":false,"thumbnail":false,"medium":false,"medium_large":false,"large":false,"1536x1536":false,"2048x2048":false},"uagb_author_info":{"display_name":"Fran\u00e7ois SCHERPEREEL","author_link":"https:\/\/arrascompostelle.fr\/?author=3"},"uagb_comment_info":0,"uagb_excerpt":"La charte du parfait randonneur Je randonne, tu randonnes, nous randonnons\u2026 avec Arras Compostelle Francigena dans les Hauts de France autour du Chemin de Compostelle et de la Via Francigena. La commission Randonn\u00e9e vous propose&nbsp;: Dimanche 17 mai 2026 &#8211; Deux randonn\u00e9es au d\u00e9part de Roclincourt Samedi 2 mai 2026 &#8211; Journ\u00e9e de randonn\u00e9e au\u2026","coauthors":[],"author_meta":{"author_link":"https:\/\/arrascompostelle.fr\/?author=3","display_name":"Fran\u00e7ois SCHERPEREEL"},"relative_dates":{"created":"Publi\u00e9 6 ans il y a","modified":"Mis \u00e0 jour 3 jours il y a"},"absolute_dates":{"created":"Publi\u00e9 le 24 mai 2020","modified":"Mise \u00e0 jour le 3 mai 2026"},"absolute_dates_time":{"created":"Publi\u00e9 le 24 mai 2020 16h22","modified":"Mise \u00e0 jour le 3 mai 2026 23h08"},"featured_img_caption":"","featured_img":false,"series_order":"","_links":{"self":[{"href":"https:\/\/arrascompostelle.fr\/index.php?rest_route=\/wp\/v2\/pages\/212"}],"collection":[{"href":"https:\/\/arrascompostelle.fr\/index.php?rest_route=\/wp\/v2\/pages"}],"about":[{"href":"https:\/\/arrascompostelle.fr\/index.php?rest_route=\/wp\/v2\/types\/page"}],"author":[{"embeddable":true,"href":"https:\/\/arrascompostelle.fr\/index.php?rest_route=\/wp\/v2\/users\/3"}],"replies":[{"embeddable":true,"href":"https:\/\/arrascompostelle.fr\/index.php?rest_route=%2Fwp%2Fv2%2Fcomments&post=212"}],"version-history":[{"count":180,"href":"https:\/\/arrascompostelle.fr\/index.php?rest_route=\/wp\/v2\/pages\/212\/revisions"}],"predecessor-version":[{"id":1417,"href":"https:\/\/arrascompostelle.fr\/index.php?rest_route=\/wp\/v2\/pages\/212\/revisions\/1417"}],"wp:attachment":[{"href":"https:\/\/arrascompostelle.fr\/index.php?rest_route=%2Fwp%2Fv2%2Fmedia&parent=212"}],"curies":[{"name":"wp","href":"https:\/\/api.w.org\/{rel}","templated":true}]}}