{"id":2,"date":"2020-05-17T16:20:18","date_gmt":"2020-05-17T14:20:18","guid":{"rendered":"http:\/\/arrascompostelle.fr\/?page_id=2"},"modified":"2026-02-19T22:02:11","modified_gmt":"2026-02-19T21:02:11","slug":"page-d-exemple","status":"publish","type":"page","link":"https:\/\/arrascompostelle.fr\/?page_id=2","title":{"rendered":"Du c\u00f4t\u00e9 de la FFR"},"content":{"rendered":"<p>\n\n\n<p class=\"has-medium-font-size\"><b>Arras Compostelle Francigena<\/b> est adh\u00e9rente en tant qu&rsquo;association au <strong>Comit\u00e9 D\u00e9partemental de la Randonn\u00e9e P\u00e9destre du Pas-de-Calais,<\/strong> et plusieurs adh\u00e9rents de notre association sont \u00e9galement membres de la F\u00e9d\u00e9ration Fran\u00e7aise de Randonn\u00e9e \u00e0 titre individuel.<\/p>\n\n\n\n<p class=\"has-medium-font-size\"><a href=\"https:\/\/pasdecalaisffrandonnee.fr\/\"><b>Site internet du Comit\u00e9 D\u00e9partemental de la Randonn\u00e9e P\u00e9destre du Pas-de-Calais<\/b><\/a><\/p>\n\n\n\n<p><\/p>\n\n\n\n<p><\/p>\n","protected":false},"excerpt":{"rendered":"<p>Arras Compostelle Francigena est adh\u00e9rente en tant qu&rsquo;association au Comit\u00e9 D\u00e9partemental de la Randonn\u00e9e P\u00e9destre du Pas-de-Calais, et plusieurs adh\u00e9rents de notre association sont \u00e9galement membres de la F\u00e9d\u00e9ration Fran\u00e7aise de Randonn\u00e9e \u00e0 titre individuel. Site internet du Comit\u00e9 D\u00e9partemental de la Randonn\u00e9e P\u00e9destre du Pas-de-Calais<\/p>\n","protected":false},"author":3,"featured_media":0,"parent":0,"menu_order":0,"comment_status":"closed","ping_status":"open","template":"","meta":{"_uag_custom_page_level_css":"","advgb_blocks_editor_width":"","advgb_blocks_columns_visual_guide":"","site-sidebar-layout":"default","site-content-layout":"","ast-site-content-layout":"","site-content-style":"default","site-sidebar-style":"default","ast-global-header-display":"","ast-banner-title-visibility":"","ast-main-header-display":"","ast-hfb-above-header-display":"","ast-hfb-below-header-display":"","ast-hfb-mobile-header-display":"","site-post-title":"","ast-breadcrumbs-content":"","ast-featured-img":"","footer-sml-layout":"","theme-transparent-header-meta":"","adv-header-id-meta":"","stick-header-meta":"","header-above-stick-meta":"","header-main-stick-meta":"","header-below-stick-meta":"","astra-migrate-meta-layouts":"default","ast-page-background-enabled":"default","ast-page-background-meta":{"desktop":{"background-color":"var(--ast-global-color-4)","background-image":"","background-repeat":"repeat","background-position":"center center","background-size":"auto","background-attachment":"scroll","background-type":"","background-media":"","overlay-type":"","overlay-color":"","overlay-opacity":"","overlay-gradient":""},"tablet":{"background-color":"","background-image":"","background-repeat":"repeat","background-position":"center center","background-size":"auto","background-attachment":"scroll","background-type":"","background-media":"","overlay-type":"","overlay-color":"","overlay-opacity":"","overlay-gradient":""},"mobile":{"background-color":"","background-image":"","background-repeat":"repeat","background-position":"center center","background-size":"auto","background-attachment":"scroll","background-type":"","background-media":"","overlay-type":"","overlay-color":"","overlay-opacity":"","overlay-gradient":""}},"ast-content-background-meta":{"desktop":{"background-color":"var(--ast-global-color-5)","background-image":"","background-repeat":"repeat","background-position":"center center","background-size":"auto","background-attachment":"scroll","background-type":"","background-media":"","overlay-type":"","overlay-color":"","overlay-opacity":"","overlay-gradient":""},"tablet":{"background-color":"var(--ast-global-color-5)","background-image":"","background-repeat":"repeat","background-position":"center center","background-size":"auto","background-attachment":"scroll","background-type":"","background-media":"","overlay-type":"","overlay-color":"","overlay-opacity":"","overlay-gradient":""},"mobile":{"background-color":"var(--ast-global-color-5)","background-image":"","background-repeat":"repeat","background-position":"center center","background-size":"auto","background-attachment":"scroll","background-type":"","background-media":"","overlay-type":"","overlay-color":"","overlay-opacity":"","overlay-gradient":""}},"footnotes":""},"jetpack_sharing_enabled":true,"uagb_featured_image_src":{"full":false,"thumbnail":false,"medium":false,"medium_large":false,"large":false,"1536x1536":false,"2048x2048":false},"uagb_author_info":{"display_name":"Fran\u00e7ois SCHERPEREEL","author_link":"https:\/\/arrascompostelle.fr\/?author=3"},"uagb_comment_info":0,"uagb_excerpt":"Arras Compostelle Francigena est adh\u00e9rente en tant qu&rsquo;association au Comit\u00e9 D\u00e9partemental de la Randonn\u00e9e P\u00e9destre du Pas-de-Calais, et plusieurs adh\u00e9rents de notre association sont \u00e9galement membres de la F\u00e9d\u00e9ration Fran\u00e7aise de Randonn\u00e9e \u00e0 titre individuel. Site internet du Comit\u00e9 D\u00e9partemental de la Randonn\u00e9e P\u00e9destre du Pas-de-Calais","coauthors":[],"author_meta":{"author_link":"https:\/\/arrascompostelle.fr\/?author=3","display_name":"Fran\u00e7ois SCHERPEREEL"},"relative_dates":{"created":"Publi\u00e9 6 ans il y a","modified":"Mis \u00e0 jour 2 mois il y a"},"absolute_dates":{"created":"Publi\u00e9 le 17 mai 2020","modified":"Mise \u00e0 jour le 19 f\u00e9vrier 2026"},"absolute_dates_time":{"created":"Publi\u00e9 le 17 mai 2020 16h20","modified":"Mise \u00e0 jour le 19 f\u00e9vrier 2026 22h02"},"featured_img_caption":"","featured_img":false,"series_order":"","_links":{"self":[{"href":"https:\/\/arrascompostelle.fr\/index.php?rest_route=\/wp\/v2\/pages\/2"}],"collection":[{"href":"https:\/\/arrascompostelle.fr\/index.php?rest_route=\/wp\/v2\/pages"}],"about":[{"href":"https:\/\/arrascompostelle.fr\/index.php?rest_route=\/wp\/v2\/types\/page"}],"author":[{"embeddable":true,"href":"https:\/\/arrascompostelle.fr\/index.php?rest_route=\/wp\/v2\/users\/3"}],"replies":[{"embeddable":true,"href":"https:\/\/arrascompostelle.fr\/index.php?rest_route=%2Fwp%2Fv2%2Fcomments&post=2"}],"version-history":[{"count":12,"href":"https:\/\/arrascompostelle.fr\/index.php?rest_route=\/wp\/v2\/pages\/2\/revisions"}],"predecessor-version":[{"id":1261,"href":"https:\/\/arrascompostelle.fr\/index.php?rest_route=\/wp\/v2\/pages\/2\/revisions\/1261"}],"wp:attachment":[{"href":"https:\/\/arrascompostelle.fr\/index.php?rest_route=%2Fwp%2Fv2%2Fmedia&parent=2"}],"curies":[{"name":"wp","href":"https:\/\/api.w.org\/{rel}","templated":true}]}}