{"id":1057,"date":"2025-02-17T10:14:51","date_gmt":"2025-02-17T09:14:51","guid":{"rendered":"https:\/\/arrascompostelle.fr\/?page_id=1057"},"modified":"2026-02-13T22:46:43","modified_gmt":"2026-02-13T21:46:43","slug":"associations-jacquaires-page-de-test","status":"publish","type":"page","link":"https:\/\/arrascompostelle.fr\/?page_id=1057","title":{"rendered":"Associations jacquaires &#8211; Carte interactive"},"content":{"rendered":"\n<div class=\"wp-block-uagb-container uagb-block-c8d503af alignfull uagb-is-root-container\"><div class=\"uagb-container-inner-blocks-wrap\">\n<div class=\"wp-block-uagb-container uagb-block-d396f520\">\n<p class=\"has-medium-font-size\">Compostelle France propose une carte interactive de France avec les diff\u00e9rentes associations jacquaires r\u00e9gionales,que l&rsquo;on peut consulter en cliquant sur la carte ci-contre.<\/p>\n\n\n\n<p class=\"has-medium-font-size\">Cette carte est destin\u00e9e aux p\u00e8lerins qui souhaitent \u00e9tablir des contacts en pr\u00e9parant leur p\u00e9r\u00e9grination.<\/p>\n<\/div>\n\n\n\n<div class=\"wp-block-uagb-container uagb-block-3431d939\">\n<figure class=\"wp-block-image size-full\"><a href=\"http:\/\/u.osmfr.org\/m\/950095\/\" target=\"_blank\" rel=\"noreferrer noopener\"><img loading=\"lazy\" decoding=\"async\" width=\"682\" height=\"604\" src=\"https:\/\/arrascompostelle.fr\/wp-content\/uploads\/2026\/02\/carte-interactive-compostelle-france.jpg\" alt=\"\" class=\"wp-image-1230\" srcset=\"https:\/\/arrascompostelle.fr\/wp-content\/uploads\/2026\/02\/carte-interactive-compostelle-france.jpg 682w, https:\/\/arrascompostelle.fr\/wp-content\/uploads\/2026\/02\/carte-interactive-compostelle-france-300x266.jpg 300w\" sizes=\"(max-width: 682px) 100vw, 682px\" \/><\/a><\/figure>\n<\/div>\n<\/div><\/div>\n","protected":false},"excerpt":{"rendered":"<p>Compostelle France propose une carte interactive de France avec les diff\u00e9rentes associations jacquaires r\u00e9gionales,que l&rsquo;on peut consulter en cliquant sur la carte ci-contre. Cette carte est destin\u00e9e aux p\u00e8lerins qui souhaitent \u00e9tablir des contacts en pr\u00e9parant leur p\u00e9r\u00e9grination.<\/p>\n","protected":false},"author":3,"featured_media":0,"parent":0,"menu_order":0,"comment_status":"closed","ping_status":"closed","template":"","meta":{"_uag_custom_page_level_css":"","advgb_blocks_editor_width":"","advgb_blocks_columns_visual_guide":"","site-sidebar-layout":"default","site-content-layout":"","ast-site-content-layout":"","site-content-style":"default","site-sidebar-style":"default","ast-global-header-display":"","ast-banner-title-visibility":"","ast-main-header-display":"","ast-hfb-above-header-display":"","ast-hfb-below-header-display":"","ast-hfb-mobile-header-display":"","site-post-title":"","ast-breadcrumbs-content":"","ast-featured-img":"","footer-sml-layout":"","theme-transparent-header-meta":"","adv-header-id-meta":"","stick-header-meta":"","header-above-stick-meta":"","header-main-stick-meta":"","header-below-stick-meta":"","astra-migrate-meta-layouts":"default","ast-page-background-enabled":"default","ast-page-background-meta":{"desktop":{"background-color":"var(--ast-global-color-4)","background-image":"","background-repeat":"repeat","background-position":"center center","background-size":"auto","background-attachment":"scroll","background-type":"","background-media":"","overlay-type":"","overlay-color":"","overlay-opacity":"","overlay-gradient":""},"tablet":{"background-color":"","background-image":"","background-repeat":"repeat","background-position":"center center","background-size":"auto","background-attachment":"scroll","background-type":"","background-media":"","overlay-type":"","overlay-color":"","overlay-opacity":"","overlay-gradient":""},"mobile":{"background-color":"","background-image":"","background-repeat":"repeat","background-position":"center center","background-size":"auto","background-attachment":"scroll","background-type":"","background-media":"","overlay-type":"","overlay-color":"","overlay-opacity":"","overlay-gradient":""}},"ast-content-background-meta":{"desktop":{"background-color":"var(--ast-global-color-5)","background-image":"","background-repeat":"repeat","background-position":"center center","background-size":"auto","background-attachment":"scroll","background-type":"","background-media":"","overlay-type":"","overlay-color":"","overlay-opacity":"","overlay-gradient":""},"tablet":{"background-color":"var(--ast-global-color-5)","background-image":"","background-repeat":"repeat","background-position":"center center","background-size":"auto","background-attachment":"scroll","background-type":"","background-media":"","overlay-type":"","overlay-color":"","overlay-opacity":"","overlay-gradient":""},"mobile":{"background-color":"var(--ast-global-color-5)","background-image":"","background-repeat":"repeat","background-position":"center center","background-size":"auto","background-attachment":"scroll","background-type":"","background-media":"","overlay-type":"","overlay-color":"","overlay-opacity":"","overlay-gradient":""}},"footnotes":""},"jetpack_sharing_enabled":true,"uagb_featured_image_src":{"full":false,"thumbnail":false,"medium":false,"medium_large":false,"large":false,"1536x1536":false,"2048x2048":false},"uagb_author_info":{"display_name":"Fran\u00e7ois SCHERPEREEL","author_link":"https:\/\/arrascompostelle.fr\/?author=3"},"uagb_comment_info":0,"uagb_excerpt":"Compostelle France propose une carte interactive de France avec les diff\u00e9rentes associations jacquaires r\u00e9gionales,que l&rsquo;on peut consulter en cliquant sur la carte ci-contre. Cette carte est destin\u00e9e aux p\u00e8lerins qui souhaitent \u00e9tablir des contacts en pr\u00e9parant leur p\u00e9r\u00e9grination.","coauthors":[],"author_meta":{"author_link":"https:\/\/arrascompostelle.fr\/?author=3","display_name":"Fran\u00e7ois SCHERPEREEL"},"relative_dates":{"created":"Publi\u00e9 1 an il y a","modified":"Mis \u00e0 jour 3 mois il y a"},"absolute_dates":{"created":"Publi\u00e9 le 17 f\u00e9vrier 2025","modified":"Mise \u00e0 jour le 13 f\u00e9vrier 2026"},"absolute_dates_time":{"created":"Publi\u00e9 le 17 f\u00e9vrier 2025 10h14","modified":"Mise \u00e0 jour le 13 f\u00e9vrier 2026 22h46"},"featured_img_caption":"","featured_img":false,"series_order":"","_links":{"self":[{"href":"https:\/\/arrascompostelle.fr\/index.php?rest_route=\/wp\/v2\/pages\/1057"}],"collection":[{"href":"https:\/\/arrascompostelle.fr\/index.php?rest_route=\/wp\/v2\/pages"}],"about":[{"href":"https:\/\/arrascompostelle.fr\/index.php?rest_route=\/wp\/v2\/types\/page"}],"author":[{"embeddable":true,"href":"https:\/\/arrascompostelle.fr\/index.php?rest_route=\/wp\/v2\/users\/3"}],"replies":[{"embeddable":true,"href":"https:\/\/arrascompostelle.fr\/index.php?rest_route=%2Fwp%2Fv2%2Fcomments&post=1057"}],"version-history":[{"count":5,"href":"https:\/\/arrascompostelle.fr\/index.php?rest_route=\/wp\/v2\/pages\/1057\/revisions"}],"predecessor-version":[{"id":1235,"href":"https:\/\/arrascompostelle.fr\/index.php?rest_route=\/wp\/v2\/pages\/1057\/revisions\/1235"}],"wp:attachment":[{"href":"https:\/\/arrascompostelle.fr\/index.php?rest_route=%2Fwp%2Fv2%2Fmedia&parent=1057"}],"curies":[{"name":"wp","href":"https:\/\/api.w.org\/{rel}","templated":true}]}}